{"id":4,"date":"2018-11-27T09:16:54","date_gmt":"2018-11-27T09:16:54","guid":{"rendered":"http:\/\/pse.sorensenconsulting.se\/index.php\/home\/"},"modified":"2021-08-20T14:26:03","modified_gmt":"2021-08-20T12:26:03","slug":"home","status":"publish","type":"page","link":"https:\/\/www.strandqvistentreprenad.se\/","title":{"rendered":"Home"},"content":{"rendered":"\t\t<div data-elementor-type=\"wp-page\" data-elementor-id=\"4\" class=\"elementor elementor-4\">\n\t\t\t\t\t\t\t\t\t<section class=\"elementor-section elementor-top-section elementor-element elementor-element-ca6f4a7 elementor-section-boxed elementor-section-height-default elementor-section-height-default\" data-id=\"ca6f4a7\" data-element_type=\"section\">\n\t\t\t\t\t\t<div class=\"elementor-container elementor-column-gap-default\">\n\t\t\t\t\t<div class=\"elementor-column elementor-col-100 elementor-top-column elementor-element elementor-element-db6263f\" data-id=\"db6263f\" data-element_type=\"column\">\n\t\t\t<div class=\"elementor-widget-wrap elementor-element-populated\">\n\t\t\t\t\t\t\t\t<div class=\"elementor-element elementor-element-5d261ca elementor-widget elementor-widget-spacer\" data-id=\"5d261ca\" data-element_type=\"widget\" data-widget_type=\"spacer.default\">\n\t\t\t\t<div class=\"elementor-widget-container\">\n\t\t\t<style>\/*! elementor - v3.15.0 - 02-08-2023 *\/\n.elementor-column .elementor-spacer-inner{height:var(--spacer-size)}.e-con{--container-widget-width:100%}.e-con-inner>.elementor-widget-spacer,.e-con>.elementor-widget-spacer{width:var(--container-widget-width,var(--spacer-size));--align-self:var(--container-widget-align-self,initial);--flex-shrink:0}.e-con-inner>.elementor-widget-spacer>.elementor-widget-container,.e-con-inner>.elementor-widget-spacer>.elementor-widget-container>.elementor-spacer,.e-con>.elementor-widget-spacer>.elementor-widget-container,.e-con>.elementor-widget-spacer>.elementor-widget-container>.elementor-spacer{height:100%}.e-con-inner>.elementor-widget-spacer>.elementor-widget-container>.elementor-spacer>.elementor-spacer-inner,.e-con>.elementor-widget-spacer>.elementor-widget-container>.elementor-spacer>.elementor-spacer-inner{height:var(--container-widget-height,var(--spacer-size))}<\/style>\t\t<div class=\"elementor-spacer\">\n\t\t\t<div class=\"elementor-spacer-inner\"><\/div>\n\t\t<\/div>\n\t\t\t\t<\/div>\n\t\t\t\t<\/div>\n\t\t\t\t<section class=\"elementor-section elementor-inner-section elementor-element elementor-element-6c58589 elementor-section-boxed elementor-section-height-default elementor-section-height-default\" data-id=\"6c58589\" data-element_type=\"section\">\n\t\t\t\t\t\t<div class=\"elementor-container elementor-column-gap-default\">\n\t\t\t\t\t<div class=\"elementor-column elementor-col-50 elementor-inner-column elementor-element elementor-element-8fdbac1\" data-id=\"8fdbac1\" data-element_type=\"column\">\n\t\t\t<div class=\"elementor-widget-wrap elementor-element-populated\">\n\t\t\t\t\t\t\t\t<div class=\"elementor-element elementor-element-7cfa574 elementor-widget elementor-widget-image\" data-id=\"7cfa574\" data-element_type=\"widget\" data-widget_type=\"image.default\">\n\t\t\t\t<div class=\"elementor-widget-container\">\n\t\t\t<style>\/*! elementor - v3.15.0 - 02-08-2023 *\/\n.elementor-widget-image{text-align:center}.elementor-widget-image a{display:inline-block}.elementor-widget-image a img[src$=\".svg\"]{width:48px}.elementor-widget-image img{vertical-align:middle;display:inline-block}<\/style>\t\t\t\t\t\t\t\t\t\t\t\t<img decoding=\"async\" width=\"683\" height=\"1024\" src=\"https:\/\/www.strandqvistentreprenad.se\/wp-content\/uploads\/2021\/08\/MG_0796-683x1024.jpeg\" class=\"attachment-large size-large wp-image-555\" alt=\"\" loading=\"lazy\" srcset=\"https:\/\/www.strandqvistentreprenad.se\/wp-content\/uploads\/2021\/08\/MG_0796-683x1024.jpeg 683w, https:\/\/www.strandqvistentreprenad.se\/wp-content\/uploads\/2021\/08\/MG_0796-200x300.jpeg 200w, https:\/\/www.strandqvistentreprenad.se\/wp-content\/uploads\/2021\/08\/MG_0796-768x1151.jpeg 768w, https:\/\/www.strandqvistentreprenad.se\/wp-content\/uploads\/2021\/08\/MG_0796.jpeg 854w\" sizes=\"(max-width: 683px) 100vw, 683px\" \/>\t\t\t\t\t\t\t\t\t\t\t\t\t\t\t<\/div>\n\t\t\t\t<\/div>\n\t\t\t\t\t<\/div>\n\t\t<\/div>\n\t\t\t\t<div class=\"elementor-column elementor-col-50 elementor-inner-column elementor-element elementor-element-0a635cc\" data-id=\"0a635cc\" data-element_type=\"column\">\n\t\t\t<div class=\"elementor-widget-wrap elementor-element-populated\">\n\t\t\t\t\t\t\t\t<div class=\"elementor-element elementor-element-1440293 elementor-widget elementor-widget-spacer\" data-id=\"1440293\" data-element_type=\"widget\" data-widget_type=\"spacer.default\">\n\t\t\t\t<div class=\"elementor-widget-container\">\n\t\t\t\t\t<div class=\"elementor-spacer\">\n\t\t\t<div class=\"elementor-spacer-inner\"><\/div>\n\t\t<\/div>\n\t\t\t\t<\/div>\n\t\t\t\t<\/div>\n\t\t\t\t<div class=\"elementor-element elementor-element-1d8cae8 elementor-widget elementor-widget-text-editor\" data-id=\"1d8cae8\" data-element_type=\"widget\" data-widget_type=\"text-editor.default\">\n\t\t\t\t<div class=\"elementor-widget-container\">\n\t\t\t<style>\/*! elementor - v3.15.0 - 02-08-2023 *\/\n.elementor-widget-text-editor.elementor-drop-cap-view-stacked .elementor-drop-cap{background-color:#69727d;color:#fff}.elementor-widget-text-editor.elementor-drop-cap-view-framed .elementor-drop-cap{color:#69727d;border:3px solid;background-color:transparent}.elementor-widget-text-editor:not(.elementor-drop-cap-view-default) .elementor-drop-cap{margin-top:8px}.elementor-widget-text-editor:not(.elementor-drop-cap-view-default) .elementor-drop-cap-letter{width:1em;height:1em}.elementor-widget-text-editor .elementor-drop-cap{float:left;text-align:center;line-height:1;font-size:50px}.elementor-widget-text-editor .elementor-drop-cap-letter{display:inline-block}<\/style>\t\t\t\t<h3 data-pm-slice=\"1 1 []\">\u201c Det lilla f\u00f6retaget med dom stora kunskaperna\u201d<\/h3><p class=\"\" data-pm-slice=\"1 1 []\">&#8211; Peter Strandqvist<\/p>\t\t\t\t\t\t<\/div>\n\t\t\t\t<\/div>\n\t\t\t\t\t<\/div>\n\t\t<\/div>\n\t\t\t\t\t\t\t<\/div>\n\t\t<\/section>\n\t\t\t\t\t<\/div>\n\t\t<\/div>\n\t\t\t\t\t\t\t<\/div>\n\t\t<\/section>\n\t\t\t\t<section class=\"elementor-section elementor-top-section elementor-element elementor-element-5c99bd7 elementor-section-boxed elementor-section-height-default elementor-section-height-default\" data-id=\"5c99bd7\" data-element_type=\"section\" data-settings=\"{&quot;background_background&quot;:&quot;classic&quot;}\">\n\t\t\t\t\t\t<div class=\"elementor-container elementor-column-gap-default\">\n\t\t\t\t\t<div class=\"elementor-column elementor-col-100 elementor-top-column elementor-element elementor-element-016aeb5\" data-id=\"016aeb5\" data-element_type=\"column\">\n\t\t\t<div class=\"elementor-widget-wrap elementor-element-populated\">\n\t\t\t\t\t\t\t\t<div class=\"elementor-element elementor-element-d09e0eb elementor-widget elementor-widget-spacer\" data-id=\"d09e0eb\" data-element_type=\"widget\" data-widget_type=\"spacer.default\">\n\t\t\t\t<div class=\"elementor-widget-container\">\n\t\t\t\t\t<div class=\"elementor-spacer\">\n\t\t\t<div class=\"elementor-spacer-inner\"><\/div>\n\t\t<\/div>\n\t\t\t\t<\/div>\n\t\t\t\t<\/div>\n\t\t\t\t\t<\/div>\n\t\t<\/div>\n\t\t\t\t\t\t\t<\/div>\n\t\t<\/section>\n\t\t\t\t<section class=\"elementor-section elementor-top-section elementor-element elementor-element-bb6af98 elementor-section-boxed elementor-section-height-default elementor-section-height-default\" data-id=\"bb6af98\" data-element_type=\"section\">\n\t\t\t\t\t\t<div class=\"elementor-container elementor-column-gap-default\">\n\t\t\t\t\t<div class=\"elementor-column elementor-col-100 elementor-top-column elementor-element elementor-element-ccdd0d3\" data-id=\"ccdd0d3\" data-element_type=\"column\">\n\t\t\t<div class=\"elementor-widget-wrap elementor-element-populated\">\n\t\t\t\t\t\t\t\t<div class=\"elementor-element elementor-element-8f264ad elementor-widget elementor-widget-spacer\" data-id=\"8f264ad\" data-element_type=\"widget\" data-widget_type=\"spacer.default\">\n\t\t\t\t<div class=\"elementor-widget-container\">\n\t\t\t\t\t<div class=\"elementor-spacer\">\n\t\t\t<div class=\"elementor-spacer-inner\"><\/div>\n\t\t<\/div>\n\t\t\t\t<\/div>\n\t\t\t\t<\/div>\n\t\t\t\t<div class=\"elementor-element elementor-element-560ed36 elementor-widget elementor-widget-text-editor\" data-id=\"560ed36\" data-element_type=\"widget\" data-widget_type=\"text-editor.default\">\n\t\t\t\t<div class=\"elementor-widget-container\">\n\t\t\t\t\t\t\t<h2 data-pm-slice=\"1 1 []\">Sm\u00e5 &amp; Stora Arbeten.<\/h2><p>\u00a0<\/p><p class=\"\" data-pm-slice=\"1 1 []\">f\u00f6r oss \u00e4r alla jobb m\u00f6jliga att genomf\u00f6ra, stora som sm\u00e5.<\/p><p class=\"\">Tr\u00e4dg\u00e5rd som v\u00e4g arbeten.<\/p>\t\t\t\t\t\t<\/div>\n\t\t\t\t<\/div>\n\t\t\t\t<div class=\"elementor-element elementor-element-917d4b6 elementor-widget elementor-widget-spacer\" data-id=\"917d4b6\" data-element_type=\"widget\" data-widget_type=\"spacer.default\">\n\t\t\t\t<div class=\"elementor-widget-container\">\n\t\t\t\t\t<div class=\"elementor-spacer\">\n\t\t\t<div class=\"elementor-spacer-inner\"><\/div>\n\t\t<\/div>\n\t\t\t\t<\/div>\n\t\t\t\t<\/div>\n\t\t\t\t\t<\/div>\n\t\t<\/div>\n\t\t\t\t\t\t\t<\/div>\n\t\t<\/section>\n\t\t\t\t<section class=\"elementor-section elementor-top-section elementor-element elementor-element-892bd30 elementor-section-boxed elementor-section-height-default elementor-section-height-default\" data-id=\"892bd30\" data-element_type=\"section\">\n\t\t\t\t\t\t<div class=\"elementor-container elementor-column-gap-default\">\n\t\t\t\t\t<div class=\"elementor-column elementor-col-50 elementor-top-column elementor-element elementor-element-6ae21cc\" data-id=\"6ae21cc\" data-element_type=\"column\">\n\t\t\t<div class=\"elementor-widget-wrap elementor-element-populated\">\n\t\t\t\t\t\t\t\t<div class=\"elementor-element elementor-element-63abf54 elementor-widget elementor-widget-image\" data-id=\"63abf54\" data-element_type=\"widget\" data-widget_type=\"image.default\">\n\t\t\t\t<div class=\"elementor-widget-container\">\n\t\t\t\t\t\t\t\t\t\t\t\t\t\t\t<img decoding=\"async\" width=\"1024\" height=\"815\" src=\"https:\/\/www.strandqvistentreprenad.se\/wp-content\/uploads\/2021\/08\/20200505_084814-scaled-e1629152869663-1024x815.jpg\" class=\"attachment-large size-large wp-image-558\" alt=\"\" loading=\"lazy\" srcset=\"https:\/\/www.strandqvistentreprenad.se\/wp-content\/uploads\/2021\/08\/20200505_084814-scaled-e1629152869663-1024x815.jpg 1024w, https:\/\/www.strandqvistentreprenad.se\/wp-content\/uploads\/2021\/08\/20200505_084814-scaled-e1629152869663-300x239.jpg 300w, https:\/\/www.strandqvistentreprenad.se\/wp-content\/uploads\/2021\/08\/20200505_084814-scaled-e1629152869663-768x612.jpg 768w, https:\/\/www.strandqvistentreprenad.se\/wp-content\/uploads\/2021\/08\/20200505_084814-scaled-e1629152869663-1536x1223.jpg 1536w, https:\/\/www.strandqvistentreprenad.se\/wp-content\/uploads\/2021\/08\/20200505_084814-scaled-e1629152869663.jpg 1920w\" sizes=\"(max-width: 1024px) 100vw, 1024px\" \/>\t\t\t\t\t\t\t\t\t\t\t\t\t\t\t<\/div>\n\t\t\t\t<\/div>\n\t\t\t\t\t<\/div>\n\t\t<\/div>\n\t\t\t\t<div class=\"elementor-column elementor-col-50 elementor-top-column elementor-element elementor-element-30bc866\" data-id=\"30bc866\" data-element_type=\"column\">\n\t\t\t<div class=\"elementor-widget-wrap elementor-element-populated\">\n\t\t\t\t\t\t\t\t<div class=\"elementor-element elementor-element-aeedb29 elementor-widget elementor-widget-image\" data-id=\"aeedb29\" data-element_type=\"widget\" data-widget_type=\"image.default\">\n\t\t\t\t<div class=\"elementor-widget-container\">\n\t\t\t\t\t\t\t\t\t\t\t\t\t\t\t<img decoding=\"async\" width=\"1024\" height=\"768\" src=\"https:\/\/www.strandqvistentreprenad.se\/wp-content\/uploads\/2021\/08\/20200805_164046-1024x768.jpg\" class=\"attachment-large size-large wp-image-559\" alt=\"\" loading=\"lazy\" srcset=\"https:\/\/www.strandqvistentreprenad.se\/wp-content\/uploads\/2021\/08\/20200805_164046-1024x768.jpg 1024w, https:\/\/www.strandqvistentreprenad.se\/wp-content\/uploads\/2021\/08\/20200805_164046-300x225.jpg 300w, https:\/\/www.strandqvistentreprenad.se\/wp-content\/uploads\/2021\/08\/20200805_164046-768x576.jpg 768w, https:\/\/www.strandqvistentreprenad.se\/wp-content\/uploads\/2021\/08\/20200805_164046-1536x1152.jpg 1536w, https:\/\/www.strandqvistentreprenad.se\/wp-content\/uploads\/2021\/08\/20200805_164046-2048x1536.jpg 2048w\" sizes=\"(max-width: 1024px) 100vw, 1024px\" \/>\t\t\t\t\t\t\t\t\t\t\t\t\t\t\t<\/div>\n\t\t\t\t<\/div>\n\t\t\t\t\t<\/div>\n\t\t<\/div>\n\t\t\t\t\t\t\t<\/div>\n\t\t<\/section>\n\t\t\t\t<section class=\"elementor-section elementor-top-section elementor-element elementor-element-4275e0e elementor-section-boxed elementor-section-height-default elementor-section-height-default\" data-id=\"4275e0e\" data-element_type=\"section\">\n\t\t\t\t\t\t<div class=\"elementor-container elementor-column-gap-default\">\n\t\t\t\t\t<div class=\"elementor-column elementor-col-50 elementor-top-column elementor-element elementor-element-47ea785\" data-id=\"47ea785\" data-element_type=\"column\">\n\t\t\t<div class=\"elementor-widget-wrap elementor-element-populated\">\n\t\t\t\t\t\t\t\t<div class=\"elementor-element elementor-element-687b4ba elementor-widget elementor-widget-image\" data-id=\"687b4ba\" data-element_type=\"widget\" data-widget_type=\"image.default\">\n\t\t\t\t<div class=\"elementor-widget-container\">\n\t\t\t\t\t\t\t\t\t\t\t\t\t\t\t<img decoding=\"async\" width=\"985\" height=\"1024\" src=\"https:\/\/www.strandqvistentreprenad.se\/wp-content\/uploads\/2021\/08\/20170525_110942-scaled-e1629292626145-985x1024.jpg\" class=\"attachment-large size-large wp-image-582\" alt=\"\" loading=\"lazy\" srcset=\"https:\/\/www.strandqvistentreprenad.se\/wp-content\/uploads\/2021\/08\/20170525_110942-scaled-e1629292626145-985x1024.jpg 985w, https:\/\/www.strandqvistentreprenad.se\/wp-content\/uploads\/2021\/08\/20170525_110942-scaled-e1629292626145-289x300.jpg 289w, https:\/\/www.strandqvistentreprenad.se\/wp-content\/uploads\/2021\/08\/20170525_110942-scaled-e1629292626145-768x798.jpg 768w, https:\/\/www.strandqvistentreprenad.se\/wp-content\/uploads\/2021\/08\/20170525_110942-scaled-e1629292626145.jpg 1440w\" sizes=\"(max-width: 985px) 100vw, 985px\" \/>\t\t\t\t\t\t\t\t\t\t\t\t\t\t\t<\/div>\n\t\t\t\t<\/div>\n\t\t\t\t\t<\/div>\n\t\t<\/div>\n\t\t\t\t<div class=\"elementor-column elementor-col-50 elementor-top-column elementor-element elementor-element-630cb90\" data-id=\"630cb90\" data-element_type=\"column\">\n\t\t\t<div class=\"elementor-widget-wrap elementor-element-populated\">\n\t\t\t\t\t\t\t\t<div class=\"elementor-element elementor-element-54fbbb6 elementor-widget elementor-widget-image\" data-id=\"54fbbb6\" data-element_type=\"widget\" data-widget_type=\"image.default\">\n\t\t\t\t<div class=\"elementor-widget-container\">\n\t\t\t\t\t\t\t\t\t\t\t\t\t\t\t<img decoding=\"async\" width=\"1024\" height=\"768\" src=\"https:\/\/www.strandqvistentreprenad.se\/wp-content\/uploads\/2021\/08\/20190524_180058-1024x768.jpg\" class=\"attachment-large size-large wp-image-560\" alt=\"\" loading=\"lazy\" srcset=\"https:\/\/www.strandqvistentreprenad.se\/wp-content\/uploads\/2021\/08\/20190524_180058-1024x768.jpg 1024w, https:\/\/www.strandqvistentreprenad.se\/wp-content\/uploads\/2021\/08\/20190524_180058-300x225.jpg 300w, https:\/\/www.strandqvistentreprenad.se\/wp-content\/uploads\/2021\/08\/20190524_180058-768x576.jpg 768w, https:\/\/www.strandqvistentreprenad.se\/wp-content\/uploads\/2021\/08\/20190524_180058-1536x1152.jpg 1536w, https:\/\/www.strandqvistentreprenad.se\/wp-content\/uploads\/2021\/08\/20190524_180058-2048x1536.jpg 2048w\" sizes=\"(max-width: 1024px) 100vw, 1024px\" \/>\t\t\t\t\t\t\t\t\t\t\t\t\t\t\t<\/div>\n\t\t\t\t<\/div>\n\t\t\t\t\t<\/div>\n\t\t<\/div>\n\t\t\t\t\t\t\t<\/div>\n\t\t<\/section>\n\t\t\t\t<section class=\"elementor-section elementor-top-section elementor-element elementor-element-9433b23 elementor-section-boxed elementor-section-height-default elementor-section-height-default\" data-id=\"9433b23\" data-element_type=\"section\">\n\t\t\t\t\t\t<div class=\"elementor-container elementor-column-gap-default\">\n\t\t\t\t\t<div class=\"elementor-column elementor-col-100 elementor-top-column elementor-element elementor-element-2c043fb\" data-id=\"2c043fb\" data-element_type=\"column\" data-settings=\"{&quot;background_background&quot;:&quot;classic&quot;}\">\n\t\t\t<div class=\"elementor-widget-wrap elementor-element-populated\">\n\t\t\t\t\t\t\t\t<div class=\"elementor-element elementor-element-daf8532 elementor-widget elementor-widget-spacer\" data-id=\"daf8532\" data-element_type=\"widget\" data-widget_type=\"spacer.default\">\n\t\t\t\t<div class=\"elementor-widget-container\">\n\t\t\t\t\t<div class=\"elementor-spacer\">\n\t\t\t<div class=\"elementor-spacer-inner\"><\/div>\n\t\t<\/div>\n\t\t\t\t<\/div>\n\t\t\t\t<\/div>\n\t\t\t\t<div class=\"elementor-element elementor-element-cfa47ac elementor-widget elementor-widget-heading\" data-id=\"cfa47ac\" data-element_type=\"widget\" data-widget_type=\"heading.default\">\n\t\t\t\t<div class=\"elementor-widget-container\">\n\t\t\t<style>\/*! elementor - v3.15.0 - 02-08-2023 *\/\n.elementor-heading-title{padding:0;margin:0;line-height:1}.elementor-widget-heading .elementor-heading-title[class*=elementor-size-]>a{color:inherit;font-size:inherit;line-height:inherit}.elementor-widget-heading .elementor-heading-title.elementor-size-small{font-size:15px}.elementor-widget-heading .elementor-heading-title.elementor-size-medium{font-size:19px}.elementor-widget-heading .elementor-heading-title.elementor-size-large{font-size:29px}.elementor-widget-heading .elementor-heading-title.elementor-size-xl{font-size:39px}.elementor-widget-heading .elementor-heading-title.elementor-size-xxl{font-size:59px}<\/style><h2 class=\"elementor-heading-title elementor-size-default\">L\u00e5t oss jobba ihop!<\/h2>\t\t<\/div>\n\t\t\t\t<\/div>\n\t\t\t\t<div class=\"elementor-element elementor-element-0612707 elementor-widget elementor-widget-text-editor\" data-id=\"0612707\" data-element_type=\"widget\" data-widget_type=\"text-editor.default\">\n\t\t\t\t<div class=\"elementor-widget-container\">\n\t\t\t\t\t\t\t<p>Vi \u00e4r alltid nyfikna p\u00e5 hur vi kan g\u00f6ra era tankar till verklighet.<\/p>\t\t\t\t\t\t<\/div>\n\t\t\t\t<\/div>\n\t\t\t\t<div class=\"elementor-element elementor-element-fded6fa elementor-widget elementor-widget-button\" data-id=\"fded6fa\" data-element_type=\"widget\" data-widget_type=\"button.default\">\n\t\t\t\t<div class=\"elementor-widget-container\">\n\t\t\t\t\t<div class=\"elementor-button-wrapper\">\n\t\t\t<a class=\"elementor-button elementor-button-link elementor-size-sm\" href=\"#\">\n\t\t\t\t\t\t<span class=\"elementor-button-content-wrapper\">\n\t\t\t\t\t\t<span class=\"elementor-button-text\">Kontakta Oss<\/span>\n\t\t<\/span>\n\t\t\t\t\t<\/a>\n\t\t<\/div>\n\t\t\t\t<\/div>\n\t\t\t\t<\/div>\n\t\t\t\t<div class=\"elementor-element elementor-element-c280f53 elementor-widget elementor-widget-spacer\" data-id=\"c280f53\" data-element_type=\"widget\" data-widget_type=\"spacer.default\">\n\t\t\t\t<div class=\"elementor-widget-container\">\n\t\t\t\t\t<div class=\"elementor-spacer\">\n\t\t\t<div class=\"elementor-spacer-inner\"><\/div>\n\t\t<\/div>\n\t\t\t\t<\/div>\n\t\t\t\t<\/div>\n\t\t\t\t\t<\/div>\n\t\t<\/div>\n\t\t\t\t\t\t\t<\/div>\n\t\t<\/section>\n\t\t\t\t\t\t\t<\/div>\n\t\t","protected":false},"excerpt":{"rendered":"<p>\u201c Det lilla f\u00f6retaget med dom stora kunskaperna\u201d &#8211; Peter Strandqvist Sm\u00e5 &amp; Stora Arbeten. \u00a0 f\u00f6r oss \u00e4r alla jobb m\u00f6jliga att genomf\u00f6ra, stora som sm\u00e5. Tr\u00e4dg\u00e5rd som v\u00e4g arbeten. L\u00e5t oss jobba ihop! Vi \u00e4r alltid nyfikna p\u00e5 hur vi kan g\u00f6ra era tankar till verklighet. Kontakta Oss<\/p>\n","protected":false},"author":1,"featured_media":0,"parent":0,"menu_order":0,"comment_status":"closed","ping_status":"closed","template":"","meta":{"site-sidebar-layout":"no-sidebar","site-content-layout":"page-builder","ast-site-content-layout":"","site-content-style":"default","site-sidebar-style":"default","ast-global-header-display":"","ast-banner-title-visibility":"","ast-main-header-display":"","ast-hfb-above-header-display":"","ast-hfb-below-header-display":"","ast-hfb-mobile-header-display":"","site-post-title":"disabled","ast-breadcrumbs-content":"","ast-featured-img":"disabled","footer-sml-layout":"","theme-transparent-header-meta":"enabled","adv-header-id-meta":"","stick-header-meta":"","header-above-stick-meta":"","header-main-stick-meta":"","header-below-stick-meta":"","astra-migrate-meta-layouts":"default","ast-page-background-enabled":"default","ast-page-background-meta":{"desktop":{"background-color":"","background-image":"","background-repeat":"repeat","background-position":"center center","background-size":"auto","background-attachment":"scroll","background-type":"","background-media":"","overlay-type":"","overlay-color":"","overlay-opacity":"","overlay-gradient":""},"tablet":{"background-color":"","background-image":"","background-repeat":"repeat","background-position":"center center","background-size":"auto","background-attachment":"scroll","background-type":"","background-media":"","overlay-type":"","overlay-color":"","overlay-opacity":"","overlay-gradient":""},"mobile":{"background-color":"","background-image":"","background-repeat":"repeat","background-position":"center center","background-size":"auto","background-attachment":"scroll","background-type":"","background-media":"","overlay-type":"","overlay-color":"","overlay-opacity":"","overlay-gradient":""}},"ast-content-background-meta":{"desktop":{"background-color":"var(--ast-global-color-5)","background-image":"","background-repeat":"repeat","background-position":"center center","background-size":"auto","background-attachment":"scroll","background-type":"","background-media":"","overlay-type":"","overlay-color":"","overlay-opacity":"","overlay-gradient":""},"tablet":{"background-color":"var(--ast-global-color-5)","background-image":"","background-repeat":"repeat","background-position":"center center","background-size":"auto","background-attachment":"scroll","background-type":"","background-media":"","overlay-type":"","overlay-color":"","overlay-opacity":"","overlay-gradient":""},"mobile":{"background-color":"var(--ast-global-color-5)","background-image":"","background-repeat":"repeat","background-position":"center center","background-size":"auto","background-attachment":"scroll","background-type":"","background-media":"","overlay-type":"","overlay-color":"","overlay-opacity":"","overlay-gradient":""}}},"_links":{"self":[{"href":"https:\/\/www.strandqvistentreprenad.se\/index.php\/wp-json\/wp\/v2\/pages\/4"}],"collection":[{"href":"https:\/\/www.strandqvistentreprenad.se\/index.php\/wp-json\/wp\/v2\/pages"}],"about":[{"href":"https:\/\/www.strandqvistentreprenad.se\/index.php\/wp-json\/wp\/v2\/types\/page"}],"author":[{"embeddable":true,"href":"https:\/\/www.strandqvistentreprenad.se\/index.php\/wp-json\/wp\/v2\/users\/1"}],"replies":[{"embeddable":true,"href":"https:\/\/www.strandqvistentreprenad.se\/index.php\/wp-json\/wp\/v2\/comments?post=4"}],"version-history":[{"count":27,"href":"https:\/\/www.strandqvistentreprenad.se\/index.php\/wp-json\/wp\/v2\/pages\/4\/revisions"}],"predecessor-version":[{"id":684,"href":"https:\/\/www.strandqvistentreprenad.se\/index.php\/wp-json\/wp\/v2\/pages\/4\/revisions\/684"}],"wp:attachment":[{"href":"https:\/\/www.strandqvistentreprenad.se\/index.php\/wp-json\/wp\/v2\/media?parent=4"}],"curies":[{"name":"wp","href":"https:\/\/api.w.org\/{rel}","templated":true}]}}